{"id":1375,"date":"2014-09-20T19:18:49","date_gmt":"2014-09-20T17:18:49","guid":{"rendered":"http:\/\/www.casaespiral.com\/?page_id=1375"},"modified":"2025-10-02T17:54:26","modified_gmt":"2025-10-02T15:54:26","slug":"josep-gonzalez","status":"publish","type":"page","link":"https:\/\/www.casaespiral.com\/cn\/profesores\/josep-gonzalez\/","title":{"rendered":"Josep Gonz\u00e1lez: professor de Joieria"},"content":{"rendered":"<h2>Josep Gonz\u00e1lez: professor de Joieria<\/h2>\n<p>Deixeble de Ferran Bach Esteve a l&#8217;Escola d&#8217;Arts i oficis de Barcelona, especialista en escultura i en el treball dels metalls, actualment compagina la doc\u00e8ncia amb la producci\u00f3. Jos\u00e9 Gonz\u00e1lez (1955) \u00e9s un dels artistes egarencs m\u00e9s transgressors i menys coneguts de la ciutat. Mestre d\u00b4innovacions est\u00e8tiques i pl\u00e0stiques, la seva obra \u00e9s relativament poc coneguda.<\/p>\n<p><b>OFICI-ART-DISSENY-CREACI\u00d3-JOIA<\/b><\/p>\n<p>Partint d&#8217;un disseny previ cal anar fent les diverses t\u00e8cniques i acabats pertinents.<\/p>\n<p>Taller de joieria \u2013 iniciaci\u00f3 i introducci\u00f3 a les t\u00e8cniques b\u00e0siques de la joieria amb exercicis pautats que l\u2019alumne progressivament realitzar\u00e0 amb m\u00e9s nivell i complexitat.<\/p>\n<p>\u00a0<\/p>\n<div id=\"envira-gallery-wrap-10106\" class=\"envira-gallery-wrap envira-gallery-theme-base envira-lightbox-theme-base\" itemscope itemtype=\"https:\/\/schema.org\/ImageGallery\"><div data-row-height=\"\" data-gallery-theme=\"\" id=\"envira-gallery-10106\" class=\"envira-gallery-public  envira-gallery-3-columns envira-clear enviratope envira-gallery-css-animations\" data-envira-columns=\"3\"><div id=\"envira-gallery-item-1359\" class=\"envira-gallery-item enviratope-item envira-gallery-item-1 envira-lazy-load\" style=\"padding-left: 5px; padding-bottom: 10px; padding-right: 5px;\"  itemscope itemtype=\"https:\/\/schema.org\/ImageObject\"><div class=\"envira-gallery-item-inner\"><div class=\"envira-gallery-position-overlay  envira-gallery-top-left\"><\/div><div class=\"envira-gallery-position-overlay  envira-gallery-top-right\"><\/div><div class=\"envira-gallery-position-overlay  envira-gallery-bottom-left\"><\/div><div class=\"envira-gallery-position-overlay  envira-gallery-bottom-right\"><\/div><a href=\"https:\/\/www.casaespiral.com\/wp-content\/uploads\/liv1.jpg\" class=\"envira-gallery-10106 envira-gallery-link\" rel=\"enviragallery10106\" title=\"liv\" data-envira-caption=\"liv\" data-envira-retina=\"\" data-thumbnail=\"\"  itemprop=\"contentUrl\"><div class=\"envira-lazy\" data-test-width=\"640\" data-test-height=\"480\" style=\"padding-bottom:75%;\"><img decoding=\"async\" id=\"envira-gallery-image-1359\" class=\"envira-gallery-image envira-gallery-image-1\" data-envira-index=\"1\" src=\"https:\/\/www.casaespiral.com\/wp-content\/uploads\/liv1-800x800.jpg\" data-envira-src=\"https:\/\/www.casaespiral.com\/wp-content\/uploads\/liv1-800x800.jpg\" data-envira-gallery-id=\"10106\" data-envira-item-id=\"1359\" data-envira-caption=\"liv\" alt=\"\" title=\"liv\"  itemprop=\"thumbnailUrl\" data-envira-srcset=\"https:\/\/www.casaespiral.com\/wp-content\/uploads\/liv1-800x800.jpg 400w,https:\/\/www.casaespiral.com\/wp-content\/uploads\/liv1-800x800.jpg 2x\" srcset=\"data:image\/gif;base64,R0lGODlhAQABAIAAAP\/\/\/\/\/\/\/yH5BAEKAAEALAAAAAABAAEAAAICTAEAOw==\" \/><\/div><\/a><\/div><\/div><div id=\"envira-gallery-item-1358\" class=\"envira-gallery-item enviratope-item envira-gallery-item-2 envira-lazy-load\" style=\"padding-left: 5px; padding-bottom: 10px; padding-right: 5px;\"  itemscope itemtype=\"https:\/\/schema.org\/ImageObject\"><div class=\"envira-gallery-item-inner\"><div class=\"envira-gallery-position-overlay  envira-gallery-top-left\"><\/div><div class=\"envira-gallery-position-overlay  envira-gallery-top-right\"><\/div><div class=\"envira-gallery-position-overlay  envira-gallery-bottom-left\"><\/div><div class=\"envira-gallery-position-overlay  envira-gallery-bottom-right\"><\/div><a href=\"https:\/\/www.casaespiral.com\/wp-content\/uploads\/liv-101.jpg\" class=\"envira-gallery-10106 envira-gallery-link\" rel=\"enviragallery10106\" title=\"liv 10\" data-envira-caption=\"liv 10\" data-envira-retina=\"\" data-thumbnail=\"\"  itemprop=\"contentUrl\"><div class=\"envira-lazy\" data-test-width=\"640\" data-test-height=\"480\" style=\"padding-bottom:75%;\"><img decoding=\"async\" id=\"envira-gallery-image-1358\" class=\"envira-gallery-image envira-gallery-image-2\" data-envira-index=\"2\" src=\"https:\/\/www.casaespiral.com\/wp-content\/uploads\/liv-101-800x800.jpg\" data-envira-src=\"https:\/\/www.casaespiral.com\/wp-content\/uploads\/liv-101-800x800.jpg\" data-envira-gallery-id=\"10106\" data-envira-item-id=\"1358\" data-envira-caption=\"liv 10\" alt=\"\" title=\"liv 10\"  itemprop=\"thumbnailUrl\" data-envira-srcset=\"https:\/\/www.casaespiral.com\/wp-content\/uploads\/liv-101-800x800.jpg 400w,https:\/\/www.casaespiral.com\/wp-content\/uploads\/liv-101-800x800.jpg 2x\" srcset=\"data:image\/gif;base64,R0lGODlhAQABAIAAAP\/\/\/\/\/\/\/yH5BAEKAAEALAAAAAABAAEAAAICTAEAOw==\" \/><\/div><\/a><\/div><\/div><div id=\"envira-gallery-item-1357\" class=\"envira-gallery-item enviratope-item envira-gallery-item-3 envira-lazy-load\" style=\"padding-left: 5px; padding-bottom: 10px; padding-right: 5px;\"  itemscope itemtype=\"https:\/\/schema.org\/ImageObject\"><div class=\"envira-gallery-item-inner\"><div class=\"envira-gallery-position-overlay  envira-gallery-top-left\"><\/div><div class=\"envira-gallery-position-overlay  envira-gallery-top-right\"><\/div><div class=\"envira-gallery-position-overlay  envira-gallery-bottom-left\"><\/div><div class=\"envira-gallery-position-overlay  envira-gallery-bottom-right\"><\/div><a href=\"https:\/\/www.casaespiral.com\/wp-content\/uploads\/liv-81.jpg\" class=\"envira-gallery-10106 envira-gallery-link\" rel=\"enviragallery10106\" title=\"liv 8\" data-envira-caption=\"liv 8\" data-envira-retina=\"\" data-thumbnail=\"\"  itemprop=\"contentUrl\"><div class=\"envira-lazy\" data-test-width=\"640\" data-test-height=\"480\" style=\"padding-bottom:75%;\"><img decoding=\"async\" id=\"envira-gallery-image-1357\" class=\"envira-gallery-image envira-gallery-image-3\" data-envira-index=\"3\" src=\"https:\/\/www.casaespiral.com\/wp-content\/uploads\/liv-81-800x800.jpg\" data-envira-src=\"https:\/\/www.casaespiral.com\/wp-content\/uploads\/liv-81-800x800.jpg\" data-envira-gallery-id=\"10106\" data-envira-item-id=\"1357\" data-envira-caption=\"liv 8\" alt=\"\" title=\"liv 8\"  itemprop=\"thumbnailUrl\" data-envira-srcset=\"https:\/\/www.casaespiral.com\/wp-content\/uploads\/liv-81-800x800.jpg 400w,https:\/\/www.casaespiral.com\/wp-content\/uploads\/liv-81-800x800.jpg 2x\" srcset=\"data:image\/gif;base64,R0lGODlhAQABAIAAAP\/\/\/\/\/\/\/yH5BAEKAAEALAAAAAABAAEAAAICTAEAOw==\" \/><\/div><\/a><\/div><\/div><div id=\"envira-gallery-item-1356\" class=\"envira-gallery-item enviratope-item envira-gallery-item-4 envira-lazy-load\" style=\"padding-left: 5px; padding-bottom: 10px; padding-right: 5px;\"  itemscope itemtype=\"https:\/\/schema.org\/ImageObject\"><div class=\"envira-gallery-item-inner\"><div class=\"envira-gallery-position-overlay  envira-gallery-top-left\"><\/div><div class=\"envira-gallery-position-overlay  envira-gallery-top-right\"><\/div><div class=\"envira-gallery-position-overlay  envira-gallery-bottom-left\"><\/div><div class=\"envira-gallery-position-overlay  envira-gallery-bottom-right\"><\/div><a href=\"https:\/\/www.casaespiral.com\/wp-content\/uploads\/liv-71.jpg\" class=\"envira-gallery-10106 envira-gallery-link\" rel=\"enviragallery10106\" title=\"liv 7\" data-envira-caption=\"liv 7\" data-envira-retina=\"\" data-thumbnail=\"\"  itemprop=\"contentUrl\"><div class=\"envira-lazy\" data-test-width=\"640\" data-test-height=\"480\" style=\"padding-bottom:75%;\"><img decoding=\"async\" id=\"envira-gallery-image-1356\" class=\"envira-gallery-image envira-gallery-image-4\" data-envira-index=\"4\" src=\"https:\/\/www.casaespiral.com\/wp-content\/uploads\/liv-71-800x800.jpg\" data-envira-src=\"https:\/\/www.casaespiral.com\/wp-content\/uploads\/liv-71-800x800.jpg\" data-envira-gallery-id=\"10106\" data-envira-item-id=\"1356\" data-envira-caption=\"liv 7\" alt=\"\" title=\"liv 7\"  itemprop=\"thumbnailUrl\" data-envira-srcset=\"https:\/\/www.casaespiral.com\/wp-content\/uploads\/liv-71-800x800.jpg 400w,https:\/\/www.casaespiral.com\/wp-content\/uploads\/liv-71-800x800.jpg 2x\" srcset=\"data:image\/gif;base64,R0lGODlhAQABAIAAAP\/\/\/\/\/\/\/yH5BAEKAAEALAAAAAABAAEAAAICTAEAOw==\" \/><\/div><\/a><\/div><\/div><div id=\"envira-gallery-item-1355\" class=\"envira-gallery-item enviratope-item envira-gallery-item-5 envira-lazy-load\" style=\"padding-left: 5px; padding-bottom: 10px; padding-right: 5px;\"  itemscope itemtype=\"https:\/\/schema.org\/ImageObject\"><div class=\"envira-gallery-item-inner\"><div class=\"envira-gallery-position-overlay  envira-gallery-top-left\"><\/div><div class=\"envira-gallery-position-overlay  envira-gallery-top-right\"><\/div><div class=\"envira-gallery-position-overlay  envira-gallery-bottom-left\"><\/div><div class=\"envira-gallery-position-overlay  envira-gallery-bottom-right\"><\/div><a href=\"https:\/\/www.casaespiral.com\/wp-content\/uploads\/liv-61.jpg\" class=\"envira-gallery-10106 envira-gallery-link\" rel=\"enviragallery10106\" title=\"liv 6\" data-envira-caption=\"liv 6\" data-envira-retina=\"\" data-thumbnail=\"\"  itemprop=\"contentUrl\"><div class=\"envira-lazy\" data-test-width=\"640\" data-test-height=\"480\" style=\"padding-bottom:75%;\"><img decoding=\"async\" id=\"envira-gallery-image-1355\" class=\"envira-gallery-image envira-gallery-image-5\" data-envira-index=\"5\" src=\"https:\/\/www.casaespiral.com\/wp-content\/uploads\/liv-61-800x800.jpg\" data-envira-src=\"https:\/\/www.casaespiral.com\/wp-content\/uploads\/liv-61-800x800.jpg\" data-envira-gallery-id=\"10106\" data-envira-item-id=\"1355\" data-envira-caption=\"liv 6\" alt=\"\" title=\"liv 6\"  itemprop=\"thumbnailUrl\" data-envira-srcset=\"https:\/\/www.casaespiral.com\/wp-content\/uploads\/liv-61-800x800.jpg 400w,https:\/\/www.casaespiral.com\/wp-content\/uploads\/liv-61-800x800.jpg 2x\" srcset=\"data:image\/gif;base64,R0lGODlhAQABAIAAAP\/\/\/\/\/\/\/yH5BAEKAAEALAAAAAABAAEAAAICTAEAOw==\" \/><\/div><\/a><\/div><\/div><div id=\"envira-gallery-item-1354\" class=\"envira-gallery-item enviratope-item envira-gallery-item-6 envira-lazy-load\" style=\"padding-left: 5px; padding-bottom: 10px; padding-right: 5px;\"  itemscope itemtype=\"https:\/\/schema.org\/ImageObject\"><div class=\"envira-gallery-item-inner\"><div class=\"envira-gallery-position-overlay  envira-gallery-top-left\"><\/div><div class=\"envira-gallery-position-overlay  envira-gallery-top-right\"><\/div><div class=\"envira-gallery-position-overlay  envira-gallery-bottom-left\"><\/div><div class=\"envira-gallery-position-overlay  envira-gallery-bottom-right\"><\/div><a href=\"https:\/\/www.casaespiral.com\/wp-content\/uploads\/liv-51.jpg\" class=\"envira-gallery-10106 envira-gallery-link\" rel=\"enviragallery10106\" title=\"liv 5\" data-envira-caption=\"liv 5\" data-envira-retina=\"\" data-thumbnail=\"\"  itemprop=\"contentUrl\"><div class=\"envira-lazy\" data-test-width=\"640\" data-test-height=\"480\" style=\"padding-bottom:75%;\"><img decoding=\"async\" id=\"envira-gallery-image-1354\" class=\"envira-gallery-image envira-gallery-image-6\" data-envira-index=\"6\" src=\"https:\/\/www.casaespiral.com\/wp-content\/uploads\/liv-51-800x800.jpg\" data-envira-src=\"https:\/\/www.casaespiral.com\/wp-content\/uploads\/liv-51-800x800.jpg\" data-envira-gallery-id=\"10106\" data-envira-item-id=\"1354\" data-envira-caption=\"liv 5\" alt=\"\" title=\"liv 5\"  itemprop=\"thumbnailUrl\" data-envira-srcset=\"https:\/\/www.casaespiral.com\/wp-content\/uploads\/liv-51-800x800.jpg 400w,https:\/\/www.casaespiral.com\/wp-content\/uploads\/liv-51-800x800.jpg 2x\" srcset=\"data:image\/gif;base64,R0lGODlhAQABAIAAAP\/\/\/\/\/\/\/yH5BAEKAAEALAAAAAABAAEAAAICTAEAOw==\" \/><\/div><\/a><\/div><\/div><div id=\"envira-gallery-item-1353\" class=\"envira-gallery-item enviratope-item envira-gallery-item-7 envira-lazy-load\" style=\"padding-left: 5px; padding-bottom: 10px; padding-right: 5px;\"  itemscope itemtype=\"https:\/\/schema.org\/ImageObject\"><div class=\"envira-gallery-item-inner\"><div class=\"envira-gallery-position-overlay  envira-gallery-top-left\"><\/div><div class=\"envira-gallery-position-overlay  envira-gallery-top-right\"><\/div><div class=\"envira-gallery-position-overlay  envira-gallery-bottom-left\"><\/div><div class=\"envira-gallery-position-overlay  envira-gallery-bottom-right\"><\/div><a href=\"https:\/\/www.casaespiral.com\/wp-content\/uploads\/liv-41.jpg\" class=\"envira-gallery-10106 envira-gallery-link\" rel=\"enviragallery10106\" title=\"liv 4\" data-envira-caption=\"liv 4\" data-envira-retina=\"\" data-thumbnail=\"\"  itemprop=\"contentUrl\"><div class=\"envira-lazy\" data-test-width=\"640\" data-test-height=\"480\" style=\"padding-bottom:75%;\"><img decoding=\"async\" id=\"envira-gallery-image-1353\" class=\"envira-gallery-image envira-gallery-image-7\" data-envira-index=\"7\" src=\"https:\/\/www.casaespiral.com\/wp-content\/uploads\/liv-41-800x800.jpg\" data-envira-src=\"https:\/\/www.casaespiral.com\/wp-content\/uploads\/liv-41-800x800.jpg\" data-envira-gallery-id=\"10106\" data-envira-item-id=\"1353\" data-envira-caption=\"liv 4\" alt=\"\" title=\"liv 4\"  itemprop=\"thumbnailUrl\" data-envira-srcset=\"https:\/\/www.casaespiral.com\/wp-content\/uploads\/liv-41-800x800.jpg 400w,https:\/\/www.casaespiral.com\/wp-content\/uploads\/liv-41-800x800.jpg 2x\" srcset=\"data:image\/gif;base64,R0lGODlhAQABAIAAAP\/\/\/\/\/\/\/yH5BAEKAAEALAAAAAABAAEAAAICTAEAOw==\" \/><\/div><\/a><\/div><\/div><div id=\"envira-gallery-item-1352\" class=\"envira-gallery-item enviratope-item envira-gallery-item-8 envira-lazy-load\" style=\"padding-left: 5px; padding-bottom: 10px; padding-right: 5px;\"  itemscope itemtype=\"https:\/\/schema.org\/ImageObject\"><div class=\"envira-gallery-item-inner\"><div class=\"envira-gallery-position-overlay  envira-gallery-top-left\"><\/div><div class=\"envira-gallery-position-overlay  envira-gallery-top-right\"><\/div><div class=\"envira-gallery-position-overlay  envira-gallery-bottom-left\"><\/div><div class=\"envira-gallery-position-overlay  envira-gallery-bottom-right\"><\/div><a href=\"https:\/\/www.casaespiral.com\/wp-content\/uploads\/liv-31.jpg\" class=\"envira-gallery-10106 envira-gallery-link\" rel=\"enviragallery10106\" title=\"liv 3\" data-envira-caption=\"liv 3\" data-envira-retina=\"\" data-thumbnail=\"\"  itemprop=\"contentUrl\"><div class=\"envira-lazy\" data-test-width=\"640\" data-test-height=\"480\" style=\"padding-bottom:75%;\"><img decoding=\"async\" id=\"envira-gallery-image-1352\" class=\"envira-gallery-image envira-gallery-image-8\" data-envira-index=\"8\" src=\"https:\/\/www.casaespiral.com\/wp-content\/uploads\/liv-31-800x800.jpg\" data-envira-src=\"https:\/\/www.casaespiral.com\/wp-content\/uploads\/liv-31-800x800.jpg\" data-envira-gallery-id=\"10106\" data-envira-item-id=\"1352\" data-envira-caption=\"liv 3\" alt=\"\" title=\"liv 3\"  itemprop=\"thumbnailUrl\" data-envira-srcset=\"https:\/\/www.casaespiral.com\/wp-content\/uploads\/liv-31-800x800.jpg 400w,https:\/\/www.casaespiral.com\/wp-content\/uploads\/liv-31-800x800.jpg 2x\" srcset=\"data:image\/gif;base64,R0lGODlhAQABAIAAAP\/\/\/\/\/\/\/yH5BAEKAAEALAAAAAABAAEAAAICTAEAOw==\" \/><\/div><\/a><\/div><\/div><div id=\"envira-gallery-item-1351\" class=\"envira-gallery-item enviratope-item envira-gallery-item-9 envira-lazy-load\" style=\"padding-left: 5px; padding-bottom: 10px; padding-right: 5px;\"  itemscope itemtype=\"https:\/\/schema.org\/ImageObject\"><div class=\"envira-gallery-item-inner\"><div class=\"envira-gallery-position-overlay  envira-gallery-top-left\"><\/div><div class=\"envira-gallery-position-overlay  envira-gallery-top-right\"><\/div><div class=\"envira-gallery-position-overlay  envira-gallery-bottom-left\"><\/div><div class=\"envira-gallery-position-overlay  envira-gallery-bottom-right\"><\/div><a href=\"https:\/\/www.casaespiral.com\/wp-content\/uploads\/liv-21.jpg\" class=\"envira-gallery-10106 envira-gallery-link\" rel=\"enviragallery10106\" title=\"liv 2\" data-envira-caption=\"liv 2\" data-envira-retina=\"\" data-thumbnail=\"\"  itemprop=\"contentUrl\"><div class=\"envira-lazy\" data-test-width=\"640\" data-test-height=\"480\" style=\"padding-bottom:75%;\"><img decoding=\"async\" id=\"envira-gallery-image-1351\" class=\"envira-gallery-image envira-gallery-image-9\" data-envira-index=\"9\" src=\"https:\/\/www.casaespiral.com\/wp-content\/uploads\/liv-21-800x800.jpg\" data-envira-src=\"https:\/\/www.casaespiral.com\/wp-content\/uploads\/liv-21-800x800.jpg\" data-envira-gallery-id=\"10106\" data-envira-item-id=\"1351\" data-envira-caption=\"liv 2\" alt=\"\" title=\"liv 2\"  itemprop=\"thumbnailUrl\" data-envira-srcset=\"https:\/\/www.casaespiral.com\/wp-content\/uploads\/liv-21-800x800.jpg 400w,https:\/\/www.casaespiral.com\/wp-content\/uploads\/liv-21-800x800.jpg 2x\" srcset=\"data:image\/gif;base64,R0lGODlhAQABAIAAAP\/\/\/\/\/\/\/yH5BAEKAAEALAAAAAABAAEAAAICTAEAOw==\" \/><\/div><\/a><\/div><\/div><div id=\"envira-gallery-item-1350\" class=\"envira-gallery-item enviratope-item envira-gallery-item-10 envira-lazy-load\" style=\"padding-left: 5px; padding-bottom: 10px; padding-right: 5px;\"  itemscope itemtype=\"https:\/\/schema.org\/ImageObject\"><div class=\"envira-gallery-item-inner\"><div class=\"envira-gallery-position-overlay  envira-gallery-top-left\"><\/div><div class=\"envira-gallery-position-overlay  envira-gallery-top-right\"><\/div><div class=\"envira-gallery-position-overlay  envira-gallery-bottom-left\"><\/div><div class=\"envira-gallery-position-overlay  envira-gallery-bottom-right\"><\/div><a href=\"https:\/\/www.casaespiral.com\/wp-content\/uploads\/liv-11.jpg\" class=\"envira-gallery-10106 envira-gallery-link\" rel=\"enviragallery10106\" title=\"liv 1\" data-envira-caption=\"liv 1\" data-envira-retina=\"\" data-thumbnail=\"\"  itemprop=\"contentUrl\"><div class=\"envira-lazy\" data-test-width=\"640\" data-test-height=\"480\" style=\"padding-bottom:75%;\"><img decoding=\"async\" id=\"envira-gallery-image-1350\" class=\"envira-gallery-image envira-gallery-image-10\" data-envira-index=\"10\" src=\"https:\/\/www.casaespiral.com\/wp-content\/uploads\/liv-11-800x800.jpg\" data-envira-src=\"https:\/\/www.casaespiral.com\/wp-content\/uploads\/liv-11-800x800.jpg\" data-envira-gallery-id=\"10106\" data-envira-item-id=\"1350\" data-envira-caption=\"liv 1\" alt=\"\" title=\"liv 1\"  itemprop=\"thumbnailUrl\" data-envira-srcset=\"https:\/\/www.casaespiral.com\/wp-content\/uploads\/liv-11-800x800.jpg 400w,https:\/\/www.casaespiral.com\/wp-content\/uploads\/liv-11-800x800.jpg 2x\" srcset=\"data:image\/gif;base64,R0lGODlhAQABAIAAAP\/\/\/\/\/\/\/yH5BAEKAAEALAAAAAABAAEAAAICTAEAOw==\" \/><\/div><\/a><\/div><\/div><\/div><\/div><noscript><img decoding=\"async\" src=\"https:\/\/www.casaespiral.com\/wp-content\/uploads\/liv1.jpg\" alt=\"\" \/><img decoding=\"async\" src=\"https:\/\/www.casaespiral.com\/wp-content\/uploads\/liv-101.jpg\" alt=\"\" \/><img decoding=\"async\" src=\"https:\/\/www.casaespiral.com\/wp-content\/uploads\/liv-81.jpg\" alt=\"\" \/><img decoding=\"async\" src=\"https:\/\/www.casaespiral.com\/wp-content\/uploads\/liv-71.jpg\" alt=\"\" \/><img decoding=\"async\" src=\"https:\/\/www.casaespiral.com\/wp-content\/uploads\/liv-61.jpg\" alt=\"\" \/><img decoding=\"async\" src=\"https:\/\/www.casaespiral.com\/wp-content\/uploads\/liv-51.jpg\" alt=\"\" \/><img decoding=\"async\" src=\"https:\/\/www.casaespiral.com\/wp-content\/uploads\/liv-41.jpg\" alt=\"\" \/><img decoding=\"async\" src=\"https:\/\/www.casaespiral.com\/wp-content\/uploads\/liv-31.jpg\" alt=\"\" \/><img decoding=\"async\" src=\"https:\/\/www.casaespiral.com\/wp-content\/uploads\/liv-21.jpg\" alt=\"\" \/><img decoding=\"async\" src=\"https:\/\/www.casaespiral.com\/wp-content\/uploads\/liv-11.jpg\" alt=\"\" \/><\/noscript>\n","protected":false},"excerpt":{"rendered":"<p>Josep Gonz\u00e1lez: professor de Joieria Deixeble de Ferran Bach Esteve a l&#8217;Escola d&#8217;Arts i oficis de Barcelona, especialista en escultura i en el treball dels metalls, actualment compagina la doc\u00e8ncia amb la producci\u00f3. Jos\u00e9 Gonz\u00e1lez (1955) \u00e9s un dels artistes &hellip; <a href=\"https:\/\/www.casaespiral.com\/cn\/profesores\/josep-gonzalez\/\">Continue reading <span class=\"meta-nav\">&rarr;<\/span><\/a><\/p>\n","protected":false},"author":1,"featured_media":0,"parent":62,"menu_order":0,"comment_status":"closed","ping_status":"closed","template":"","meta":{"footnotes":""},"class_list":["post-1375","page","type-page","status-publish","hentry"],"translation":{"provider":"WPGlobus","version":"3.0.2","language":"cn","enabled_languages":["es","en","cn"],"languages":{"es":{"title":true,"content":true,"excerpt":false},"en":{"title":true,"content":true,"excerpt":false},"cn":{"title":true,"content":true,"excerpt":false}}},"_links":{"self":[{"href":"https:\/\/www.casaespiral.com\/cn\/wp-json\/wp\/v2\/pages\/1375","targetHints":{"allow":["GET"]}}],"collection":[{"href":"https:\/\/www.casaespiral.com\/cn\/wp-json\/wp\/v2\/pages"}],"about":[{"href":"https:\/\/www.casaespiral.com\/cn\/wp-json\/wp\/v2\/types\/page"}],"author":[{"embeddable":true,"href":"https:\/\/www.casaespiral.com\/cn\/wp-json\/wp\/v2\/users\/1"}],"replies":[{"embeddable":true,"href":"https:\/\/www.casaespiral.com\/cn\/wp-json\/wp\/v2\/comments?post=1375"}],"version-history":[{"count":69,"href":"https:\/\/www.casaespiral.com\/cn\/wp-json\/wp\/v2\/pages\/1375\/revisions"}],"predecessor-version":[{"id":10069,"href":"https:\/\/www.casaespiral.com\/cn\/wp-json\/wp\/v2\/pages\/1375\/revisions\/10069"}],"up":[{"embeddable":true,"href":"https:\/\/www.casaespiral.com\/cn\/wp-json\/wp\/v2\/pages\/62"}],"wp:attachment":[{"href":"https:\/\/www.casaespiral.com\/cn\/wp-json\/wp\/v2\/media?parent=1375"}],"curies":[{"name":"wp","href":"https:\/\/api.w.org\/{rel}","templated":true}]}}