{"id":1605,"date":"2016-01-11T17:16:45","date_gmt":"2016-01-11T16:16:45","guid":{"rendered":"http:\/\/www.casaespiral.com\/?page_id=1605"},"modified":"2025-10-02T17:47:59","modified_gmt":"2025-10-02T15:47:59","slug":"david-quejido","status":"publish","type":"page","link":"https:\/\/www.casaespiral.com\/cn\/profesores\/david-quejido\/","title":{"rendered":"David Quejido: professor de Joieria"},"content":{"rendered":"<h2>Professor de Joieria<\/h2>\n<h2 style=\"font-style: normal;\"><a href=\"https:\/\/www.casaespiral.com\/wp-content\/uploads\/Curso-Espiralacceso-directo1.pdf\" target=\"_blank\">Curs Espiral<\/a> (acc\u00e9s directe)<\/h2>\n<p style=\"font-style: normal; font-weight: 400;\">El disseny i la fabricaci\u00f3 de joieria han estat les disciplines art\u00edstiques en qu\u00e8 David Quejido ha desenvolupat la seva carrera professional. Va comen\u00e7ar els seus estudis a Madrid, a l&#8217;Escola Oficial del Gremi de Joiers, completant la seva formaci\u00f3 a l\u2019estranger; Londres i Vicenza, bressol de la joieria italiana, van ser els llocs on, durant diversos anys, va ampliar els seus coneixements i va adquirir experi\u00e8ncia. En tornar, va centrar la seva tasca creativa en el camp de la joieria contempor\u00e0nia en qu\u00e8 els seus dissenys i creacions destaquen per la seva originalitat i el desenvolupament de formes que, sens dubte, donen una nova dimensi\u00f3 al disseny de joies. David Quejido ha treballat per enc\u00e0rrec per a les millors firmes del sector, a m\u00e9s d\u2019haver creat la seva pr\u00f2pia l\u00ednia de joieria. Actualment centra el seu treball en la producci\u00f3 d\u2019una joieria a partir de l\u00ednies senzilles, per\u00f2 que no perdi la for\u00e7a i l\u2019expressivitat.<\/p>\n<p style=\"font-style: normal; font-weight: 400;\">La seva formaci\u00f3 en el disseny i la fabricaci\u00f3 de joieria, tant cl\u00e0ssica com contempor\u00e0nia, inclou les t\u00e8cniques seg\u00fcents: encastat, gravat a m\u00e0, gravat a l\u2019aiguafort, t\u00e8cniques d\u2019embotit i repussat, aix\u00ed com fabricaci\u00f3 i disseny inform\u00e0tic en 3D.<\/p>\n<div id=\"envira-gallery-wrap-10100\" class=\"envira-gallery-wrap envira-gallery-theme-base envira-lightbox-theme-base\" itemscope itemtype=\"https:\/\/schema.org\/ImageGallery\"><div data-row-height=\"\" data-gallery-theme=\"\" id=\"envira-gallery-10100\" class=\"envira-gallery-public  envira-gallery-3-columns envira-clear enviratope envira-gallery-css-animations\" data-envira-columns=\"3\"><div id=\"envira-gallery-item-1767\" class=\"envira-gallery-item enviratope-item envira-gallery-item-1 envira-lazy-load\" style=\"padding-left: 5px; padding-bottom: 10px; padding-right: 5px;\"  itemscope itemtype=\"https:\/\/schema.org\/ImageObject\"><div class=\"envira-gallery-item-inner\"><div class=\"envira-gallery-position-overlay  envira-gallery-top-left\"><\/div><div class=\"envira-gallery-position-overlay  envira-gallery-top-right\"><\/div><div class=\"envira-gallery-position-overlay  envira-gallery-bottom-left\"><\/div><div class=\"envira-gallery-position-overlay  envira-gallery-bottom-right\"><\/div><a href=\"https:\/\/www.casaespiral.com\/wp-content\/uploads\/frikkia5156a9f8727e425.jpg\" class=\"envira-gallery-10100 envira-gallery-link\" rel=\"enviragallery10100\" title=\"frikkia5156a9f8727e425.jpg\" data-envira-caption=\"frikkia5156a9f8727e425.jpg\" data-envira-retina=\"\" data-thumbnail=\"\"  itemprop=\"contentUrl\"><div class=\"envira-lazy\" data-test-width=\"640\" data-test-height=\"480\" style=\"padding-bottom:75%;\"><img decoding=\"async\" id=\"envira-gallery-image-1767\" class=\"envira-gallery-image envira-gallery-image-1\" data-envira-index=\"1\" src=\"https:\/\/www.casaespiral.com\/wp-content\/uploads\/frikkia5156a9f8727e425-689x800.jpg\" data-envira-src=\"https:\/\/www.casaespiral.com\/wp-content\/uploads\/frikkia5156a9f8727e425-689x800.jpg\" data-envira-gallery-id=\"10100\" data-envira-item-id=\"1767\" data-envira-caption=\"frikkia5156a9f8727e425.jpg\" alt=\"\" title=\"frikkia5156a9f8727e425.jpg\"  itemprop=\"thumbnailUrl\" data-envira-srcset=\"https:\/\/www.casaespiral.com\/wp-content\/uploads\/frikkia5156a9f8727e425-689x800.jpg 400w,https:\/\/www.casaespiral.com\/wp-content\/uploads\/frikkia5156a9f8727e425-689x800.jpg 2x\" srcset=\"data:image\/gif;base64,R0lGODlhAQABAIAAAP\/\/\/\/\/\/\/yH5BAEKAAEALAAAAAABAAEAAAICTAEAOw==\" \/><\/div><\/a><\/div><\/div><div id=\"envira-gallery-item-1766\" class=\"envira-gallery-item enviratope-item envira-gallery-item-2 envira-lazy-load\" style=\"padding-left: 5px; padding-bottom: 10px; padding-right: 5px;\"  itemscope itemtype=\"https:\/\/schema.org\/ImageObject\"><div class=\"envira-gallery-item-inner\"><div class=\"envira-gallery-position-overlay  envira-gallery-top-left\"><\/div><div class=\"envira-gallery-position-overlay  envira-gallery-top-right\"><\/div><div class=\"envira-gallery-position-overlay  envira-gallery-bottom-left\"><\/div><div class=\"envira-gallery-position-overlay  envira-gallery-bottom-right\"><\/div><a href=\"https:\/\/www.casaespiral.com\/wp-content\/uploads\/frikkia5056a9f870a80e9.jpg\" class=\"envira-gallery-10100 envira-gallery-link\" rel=\"enviragallery10100\" title=\"frikkia5056a9f870a80e9.jpg\" data-envira-caption=\"frikkia5056a9f870a80e9.jpg\" data-envira-retina=\"\" data-thumbnail=\"\"  itemprop=\"contentUrl\"><div class=\"envira-lazy\" data-test-width=\"640\" data-test-height=\"480\" style=\"padding-bottom:75%;\"><img decoding=\"async\" id=\"envira-gallery-image-1766\" class=\"envira-gallery-image envira-gallery-image-2\" data-envira-index=\"2\" src=\"https:\/\/www.casaespiral.com\/wp-content\/uploads\/frikkia5056a9f870a80e9-800x800.jpg\" data-envira-src=\"https:\/\/www.casaespiral.com\/wp-content\/uploads\/frikkia5056a9f870a80e9-800x800.jpg\" data-envira-gallery-id=\"10100\" data-envira-item-id=\"1766\" data-envira-caption=\"frikkia5056a9f870a80e9.jpg\" alt=\"\" title=\"frikkia5056a9f870a80e9.jpg\"  itemprop=\"thumbnailUrl\" data-envira-srcset=\"https:\/\/www.casaespiral.com\/wp-content\/uploads\/frikkia5056a9f870a80e9-800x800.jpg 400w,https:\/\/www.casaespiral.com\/wp-content\/uploads\/frikkia5056a9f870a80e9-800x800.jpg 2x\" srcset=\"data:image\/gif;base64,R0lGODlhAQABAIAAAP\/\/\/\/\/\/\/yH5BAEKAAEALAAAAAABAAEAAAICTAEAOw==\" \/><\/div><\/a><\/div><\/div><div id=\"envira-gallery-item-1764\" class=\"envira-gallery-item enviratope-item envira-gallery-item-3 envira-lazy-load\" style=\"padding-left: 5px; padding-bottom: 10px; padding-right: 5px;\"  itemscope itemtype=\"https:\/\/schema.org\/ImageObject\"><div class=\"envira-gallery-item-inner\"><div class=\"envira-gallery-position-overlay  envira-gallery-top-left\"><\/div><div class=\"envira-gallery-position-overlay  envira-gallery-top-right\"><\/div><div class=\"envira-gallery-position-overlay  envira-gallery-bottom-left\"><\/div><div class=\"envira-gallery-position-overlay  envira-gallery-bottom-right\"><\/div><a href=\"https:\/\/www.casaespiral.com\/wp-content\/uploads\/davis56a9f86e7cab5.jpg\" class=\"envira-gallery-10100 envira-gallery-link\" rel=\"enviragallery10100\" title=\"davis56a9f86e7cab5.jpg\" data-envira-caption=\"davis56a9f86e7cab5.jpg\" data-envira-retina=\"\" data-thumbnail=\"\"  itemprop=\"contentUrl\"><div class=\"envira-lazy\" data-test-width=\"640\" data-test-height=\"480\" style=\"padding-bottom:75%;\"><img decoding=\"async\" id=\"envira-gallery-image-1764\" class=\"envira-gallery-image envira-gallery-image-3\" data-envira-index=\"3\" src=\"https:\/\/www.casaespiral.com\/wp-content\/uploads\/davis56a9f86e7cab5.jpg\" data-envira-src=\"https:\/\/www.casaespiral.com\/wp-content\/uploads\/davis56a9f86e7cab5.jpg\" data-envira-gallery-id=\"10100\" data-envira-item-id=\"1764\" data-envira-caption=\"davis56a9f86e7cab5.jpg\" alt=\"\" title=\"davis56a9f86e7cab5.jpg\"  itemprop=\"thumbnailUrl\" data-envira-srcset=\"https:\/\/www.casaespiral.com\/wp-content\/uploads\/davis56a9f86e7cab5.jpg 400w,https:\/\/www.casaespiral.com\/wp-content\/uploads\/davis56a9f86e7cab5.jpg 2x\" srcset=\"data:image\/gif;base64,R0lGODlhAQABAIAAAP\/\/\/\/\/\/\/yH5BAEKAAEALAAAAAABAAEAAAICTAEAOw==\" \/><\/div><\/a><\/div><\/div><div id=\"envira-gallery-item-1765\" class=\"envira-gallery-item enviratope-item envira-gallery-item-4 envira-lazy-load\" style=\"padding-left: 5px; padding-bottom: 10px; padding-right: 5px;\"  itemscope itemtype=\"https:\/\/schema.org\/ImageObject\"><div class=\"envira-gallery-item-inner\"><div class=\"envira-gallery-position-overlay  envira-gallery-top-left\"><\/div><div class=\"envira-gallery-position-overlay  envira-gallery-top-right\"><\/div><div class=\"envira-gallery-position-overlay  envira-gallery-bottom-left\"><\/div><div class=\"envira-gallery-position-overlay  envira-gallery-bottom-right\"><\/div><a href=\"https:\/\/www.casaespiral.com\/wp-content\/uploads\/frikkia2456a9f86ec71fa.jpg\" class=\"envira-gallery-10100 envira-gallery-link\" rel=\"enviragallery10100\" title=\"frikkia2456a9f86ec71fa.jpg\" data-envira-caption=\"frikkia2456a9f86ec71fa.jpg\" data-envira-retina=\"\" data-thumbnail=\"\"  itemprop=\"contentUrl\"><div class=\"envira-lazy\" data-test-width=\"640\" data-test-height=\"480\" style=\"padding-bottom:75%;\"><img decoding=\"async\" id=\"envira-gallery-image-1765\" class=\"envira-gallery-image envira-gallery-image-4\" data-envira-index=\"4\" src=\"https:\/\/www.casaespiral.com\/wp-content\/uploads\/frikkia2456a9f86ec71fa-800x800.jpg\" data-envira-src=\"https:\/\/www.casaespiral.com\/wp-content\/uploads\/frikkia2456a9f86ec71fa-800x800.jpg\" data-envira-gallery-id=\"10100\" data-envira-item-id=\"1765\" data-envira-caption=\"frikkia2456a9f86ec71fa.jpg\" alt=\"\" title=\"frikkia2456a9f86ec71fa.jpg\"  itemprop=\"thumbnailUrl\" data-envira-srcset=\"https:\/\/www.casaespiral.com\/wp-content\/uploads\/frikkia2456a9f86ec71fa-800x800.jpg 400w,https:\/\/www.casaespiral.com\/wp-content\/uploads\/frikkia2456a9f86ec71fa-800x800.jpg 2x\" srcset=\"data:image\/gif;base64,R0lGODlhAQABAIAAAP\/\/\/\/\/\/\/yH5BAEKAAEALAAAAAABAAEAAAICTAEAOw==\" \/><\/div><\/a><\/div><\/div><div id=\"envira-gallery-item-1762\" class=\"envira-gallery-item enviratope-item envira-gallery-item-5 envira-lazy-load\" style=\"padding-left: 5px; padding-bottom: 10px; padding-right: 5px;\"  itemscope itemtype=\"https:\/\/schema.org\/ImageObject\"><div class=\"envira-gallery-item-inner\"><div class=\"envira-gallery-position-overlay  envira-gallery-top-left\"><\/div><div class=\"envira-gallery-position-overlay  envira-gallery-top-right\"><\/div><div class=\"envira-gallery-position-overlay  envira-gallery-bottom-left\"><\/div><div class=\"envira-gallery-position-overlay  envira-gallery-bottom-right\"><\/div><a href=\"https:\/\/www.casaespiral.com\/wp-content\/uploads\/Cierre-pulsera-oro-blanco-y-diamantes56a9f86c4d1c0.jpg\" class=\"envira-gallery-10100 envira-gallery-link\" rel=\"enviragallery10100\" title=\"Cierre-pulsera-oro-blanco-y-diamantes56a9f86c4d1c0.jpg\" data-envira-caption=\"Cierre-pulsera-oro-blanco-y-diamantes56a9f86c4d1c0.jpg\" data-envira-retina=\"\" data-thumbnail=\"\"  itemprop=\"contentUrl\"><div class=\"envira-lazy\" data-test-width=\"640\" data-test-height=\"480\" style=\"padding-bottom:75%;\"><img decoding=\"async\" id=\"envira-gallery-image-1762\" class=\"envira-gallery-image envira-gallery-image-5\" data-envira-index=\"5\" src=\"https:\/\/www.casaespiral.com\/wp-content\/uploads\/Cierre-pulsera-oro-blanco-y-diamantes56a9f86c4d1c0.jpg\" data-envira-src=\"https:\/\/www.casaespiral.com\/wp-content\/uploads\/Cierre-pulsera-oro-blanco-y-diamantes56a9f86c4d1c0.jpg\" data-envira-gallery-id=\"10100\" data-envira-item-id=\"1762\" data-envira-caption=\"Cierre-pulsera-oro-blanco-y-diamantes56a9f86c4d1c0.jpg\" alt=\"\" title=\"Cierre-pulsera-oro-blanco-y-diamantes56a9f86c4d1c0.jpg\"  itemprop=\"thumbnailUrl\" data-envira-srcset=\"https:\/\/www.casaespiral.com\/wp-content\/uploads\/Cierre-pulsera-oro-blanco-y-diamantes56a9f86c4d1c0.jpg 400w,https:\/\/www.casaespiral.com\/wp-content\/uploads\/Cierre-pulsera-oro-blanco-y-diamantes56a9f86c4d1c0.jpg 2x\" srcset=\"data:image\/gif;base64,R0lGODlhAQABAIAAAP\/\/\/\/\/\/\/yH5BAEKAAEALAAAAAABAAEAAAICTAEAOw==\" \/><\/div><\/a><\/div><\/div><div id=\"envira-gallery-item-1763\" class=\"envira-gallery-item enviratope-item envira-gallery-item-6 envira-lazy-load\" style=\"padding-left: 5px; padding-bottom: 10px; padding-right: 5px;\"  itemscope itemtype=\"https:\/\/schema.org\/ImageObject\"><div class=\"envira-gallery-item-inner\"><div class=\"envira-gallery-position-overlay  envira-gallery-top-left\"><\/div><div class=\"envira-gallery-position-overlay  envira-gallery-top-right\"><\/div><div class=\"envira-gallery-position-overlay  envira-gallery-bottom-left\"><\/div><div class=\"envira-gallery-position-overlay  envira-gallery-bottom-right\"><\/div><a href=\"https:\/\/www.casaespiral.com\/wp-content\/uploads\/frikkia2656a9f86c94256.jpg\" class=\"envira-gallery-10100 envira-gallery-link\" rel=\"enviragallery10100\" title=\"frikkia2656a9f86c94256.jpg\" data-envira-caption=\"frikkia2656a9f86c94256.jpg\" data-envira-retina=\"\" data-thumbnail=\"\"  itemprop=\"contentUrl\"><div class=\"envira-lazy\" data-test-width=\"640\" data-test-height=\"480\" style=\"padding-bottom:75%;\"><img decoding=\"async\" id=\"envira-gallery-image-1763\" class=\"envira-gallery-image envira-gallery-image-6\" data-envira-index=\"6\" src=\"https:\/\/www.casaespiral.com\/wp-content\/uploads\/frikkia2656a9f86c94256-800x800.jpg\" data-envira-src=\"https:\/\/www.casaespiral.com\/wp-content\/uploads\/frikkia2656a9f86c94256-800x800.jpg\" data-envira-gallery-id=\"10100\" data-envira-item-id=\"1763\" data-envira-caption=\"frikkia2656a9f86c94256.jpg\" alt=\"\" title=\"frikkia2656a9f86c94256.jpg\"  itemprop=\"thumbnailUrl\" data-envira-srcset=\"https:\/\/www.casaespiral.com\/wp-content\/uploads\/frikkia2656a9f86c94256-800x800.jpg 400w,https:\/\/www.casaespiral.com\/wp-content\/uploads\/frikkia2656a9f86c94256-800x800.jpg 2x\" srcset=\"data:image\/gif;base64,R0lGODlhAQABAIAAAP\/\/\/\/\/\/\/yH5BAEKAAEALAAAAAABAAEAAAICTAEAOw==\" \/><\/div><\/a><\/div><\/div><div id=\"envira-gallery-item-1760\" class=\"envira-gallery-item enviratope-item envira-gallery-item-7 envira-lazy-load\" style=\"padding-left: 5px; padding-bottom: 10px; padding-right: 5px;\"  itemscope itemtype=\"https:\/\/schema.org\/ImageObject\"><div class=\"envira-gallery-item-inner\"><div class=\"envira-gallery-position-overlay  envira-gallery-top-left\"><\/div><div class=\"envira-gallery-position-overlay  envira-gallery-top-right\"><\/div><div class=\"envira-gallery-position-overlay  envira-gallery-bottom-left\"><\/div><div class=\"envira-gallery-position-overlay  envira-gallery-bottom-right\"><\/div><a href=\"https:\/\/www.casaespiral.com\/wp-content\/uploads\/alianza-diamnates-copia56a9f86b8680c.jpg\" class=\"envira-gallery-10100 envira-gallery-link\" rel=\"enviragallery10100\" title=\"alianza-diamnates-copia56a9f86b8680c.jpg\" data-envira-caption=\"alianza-diamnates-copia56a9f86b8680c.jpg\" data-envira-retina=\"\" data-thumbnail=\"\"  itemprop=\"contentUrl\"><div class=\"envira-lazy\" data-test-width=\"640\" data-test-height=\"480\" style=\"padding-bottom:75%;\"><img decoding=\"async\" id=\"envira-gallery-image-1760\" class=\"envira-gallery-image envira-gallery-image-7\" data-envira-index=\"7\" src=\"https:\/\/www.casaespiral.com\/wp-content\/uploads\/alianza-diamnates-copia56a9f86b8680c.jpg\" data-envira-src=\"https:\/\/www.casaespiral.com\/wp-content\/uploads\/alianza-diamnates-copia56a9f86b8680c.jpg\" data-envira-gallery-id=\"10100\" data-envira-item-id=\"1760\" data-envira-caption=\"alianza-diamnates-copia56a9f86b8680c.jpg\" alt=\"\" title=\"alianza-diamnates-copia56a9f86b8680c.jpg\"  itemprop=\"thumbnailUrl\" data-envira-srcset=\"https:\/\/www.casaespiral.com\/wp-content\/uploads\/alianza-diamnates-copia56a9f86b8680c.jpg 400w,https:\/\/www.casaespiral.com\/wp-content\/uploads\/alianza-diamnates-copia56a9f86b8680c.jpg 2x\" srcset=\"data:image\/gif;base64,R0lGODlhAQABAIAAAP\/\/\/\/\/\/\/yH5BAEKAAEALAAAAAABAAEAAAICTAEAOw==\" \/><\/div><\/a><\/div><\/div><div id=\"envira-gallery-item-1761\" class=\"envira-gallery-item enviratope-item envira-gallery-item-8 envira-lazy-load\" style=\"padding-left: 5px; padding-bottom: 10px; padding-right: 5px;\"  itemscope itemtype=\"https:\/\/schema.org\/ImageObject\"><div class=\"envira-gallery-item-inner\"><div class=\"envira-gallery-position-overlay  envira-gallery-top-left\"><\/div><div class=\"envira-gallery-position-overlay  envira-gallery-top-right\"><\/div><div class=\"envira-gallery-position-overlay  envira-gallery-bottom-left\"><\/div><div class=\"envira-gallery-position-overlay  envira-gallery-bottom-right\"><\/div><a href=\"https:\/\/www.casaespiral.com\/wp-content\/uploads\/anillo-david-copia56a9f86be288b.jpg\" class=\"envira-gallery-10100 envira-gallery-link\" rel=\"enviragallery10100\" title=\"anillo-david-copia56a9f86be288b.jpg\" data-envira-caption=\"anillo-david-copia56a9f86be288b.jpg\" data-envira-retina=\"\" data-thumbnail=\"\"  itemprop=\"contentUrl\"><div class=\"envira-lazy\" data-test-width=\"640\" data-test-height=\"480\" style=\"padding-bottom:75%;\"><img decoding=\"async\" id=\"envira-gallery-image-1761\" class=\"envira-gallery-image envira-gallery-image-8\" data-envira-index=\"8\" src=\"https:\/\/www.casaespiral.com\/wp-content\/uploads\/anillo-david-copia56a9f86be288b.jpg\" data-envira-src=\"https:\/\/www.casaespiral.com\/wp-content\/uploads\/anillo-david-copia56a9f86be288b.jpg\" data-envira-gallery-id=\"10100\" data-envira-item-id=\"1761\" data-envira-caption=\"anillo-david-copia56a9f86be288b.jpg\" alt=\"\" title=\"anillo-david-copia56a9f86be288b.jpg\"  itemprop=\"thumbnailUrl\" data-envira-srcset=\"https:\/\/www.casaespiral.com\/wp-content\/uploads\/anillo-david-copia56a9f86be288b.jpg 400w,https:\/\/www.casaespiral.com\/wp-content\/uploads\/anillo-david-copia56a9f86be288b.jpg 2x\" srcset=\"data:image\/gif;base64,R0lGODlhAQABAIAAAP\/\/\/\/\/\/\/yH5BAEKAAEALAAAAAABAAEAAAICTAEAOw==\" \/><\/div><\/a><\/div><\/div><div id=\"envira-gallery-item-1751\" class=\"envira-gallery-item enviratope-item envira-gallery-item-9 envira-lazy-load\" style=\"padding-left: 5px; padding-bottom: 10px; padding-right: 5px;\"  itemscope itemtype=\"https:\/\/schema.org\/ImageObject\"><div class=\"envira-gallery-item-inner\"><div class=\"envira-gallery-position-overlay  envira-gallery-top-left\"><\/div><div class=\"envira-gallery-position-overlay  envira-gallery-top-right\"><\/div><div class=\"envira-gallery-position-overlay  envira-gallery-bottom-left\"><\/div><div class=\"envira-gallery-position-overlay  envira-gallery-bottom-right\"><\/div><a href=\"https:\/\/www.casaespiral.com\/wp-content\/uploads\/anilloa-paraiba-platino-diamantes.jpg\" class=\"envira-gallery-10100 envira-gallery-link\" rel=\"enviragallery10100\" title=\"anilloa paraiba platino diamantes\" data-envira-caption=\"anilloa paraiba platino diamantes\" data-envira-retina=\"\" data-thumbnail=\"\"  itemprop=\"contentUrl\"><div class=\"envira-lazy\" data-test-width=\"640\" data-test-height=\"480\" style=\"padding-bottom:75%;\"><img decoding=\"async\" id=\"envira-gallery-image-1751\" class=\"envira-gallery-image envira-gallery-image-9\" data-envira-index=\"9\" src=\"https:\/\/www.casaespiral.com\/wp-content\/uploads\/anilloa-paraiba-platino-diamantes.jpg\" data-envira-src=\"https:\/\/www.casaespiral.com\/wp-content\/uploads\/anilloa-paraiba-platino-diamantes.jpg\" data-envira-gallery-id=\"10100\" data-envira-item-id=\"1751\" data-envira-caption=\"anilloa paraiba platino diamantes\" alt=\"\" title=\"anilloa paraiba platino diamantes\"  itemprop=\"thumbnailUrl\" data-envira-srcset=\"https:\/\/www.casaespiral.com\/wp-content\/uploads\/anilloa-paraiba-platino-diamantes.jpg 400w,https:\/\/www.casaespiral.com\/wp-content\/uploads\/anilloa-paraiba-platino-diamantes.jpg 2x\" srcset=\"data:image\/gif;base64,R0lGODlhAQABAIAAAP\/\/\/\/\/\/\/yH5BAEKAAEALAAAAAABAAEAAAICTAEAOw==\" \/><\/div><\/a><\/div><\/div><\/div><\/div><noscript><img decoding=\"async\" src=\"https:\/\/www.casaespiral.com\/wp-content\/uploads\/frikkia5156a9f8727e425.jpg\" alt=\"\" \/><img decoding=\"async\" src=\"https:\/\/www.casaespiral.com\/wp-content\/uploads\/frikkia5056a9f870a80e9.jpg\" alt=\"\" \/><img decoding=\"async\" src=\"https:\/\/www.casaespiral.com\/wp-content\/uploads\/davis56a9f86e7cab5.jpg\" alt=\"\" \/><img decoding=\"async\" src=\"https:\/\/www.casaespiral.com\/wp-content\/uploads\/frikkia2456a9f86ec71fa.jpg\" alt=\"\" \/><img decoding=\"async\" src=\"https:\/\/www.casaespiral.com\/wp-content\/uploads\/Cierre-pulsera-oro-blanco-y-diamantes56a9f86c4d1c0.jpg\" alt=\"\" \/><img decoding=\"async\" src=\"https:\/\/www.casaespiral.com\/wp-content\/uploads\/frikkia2656a9f86c94256.jpg\" alt=\"\" \/><img decoding=\"async\" src=\"https:\/\/www.casaespiral.com\/wp-content\/uploads\/alianza-diamnates-copia56a9f86b8680c.jpg\" alt=\"\" \/><img decoding=\"async\" src=\"https:\/\/www.casaespiral.com\/wp-content\/uploads\/anillo-david-copia56a9f86be288b.jpg\" alt=\"\" \/><img decoding=\"async\" src=\"https:\/\/www.casaespiral.com\/wp-content\/uploads\/anilloa-paraiba-platino-diamantes.jpg\" alt=\"\" \/><\/noscript>\n","protected":false},"excerpt":{"rendered":"<p>Professor de Joieria Curs Espiral (acc\u00e9s directe) El disseny i la fabricaci\u00f3 de joieria han estat les disciplines art\u00edstiques en qu\u00e8 David Quejido ha desenvolupat la seva carrera professional. Va comen\u00e7ar els seus estudis a Madrid, a l&#8217;Escola Oficial del &hellip; <a href=\"https:\/\/www.casaespiral.com\/cn\/profesores\/david-quejido\/\">Continue reading <span class=\"meta-nav\">&rarr;<\/span><\/a><\/p>\n","protected":false},"author":1,"featured_media":0,"parent":62,"menu_order":0,"comment_status":"closed","ping_status":"closed","template":"","meta":{"footnotes":""},"class_list":["post-1605","page","type-page","status-publish","hentry"],"translation":{"provider":"WPGlobus","version":"3.0.2","language":"cn","enabled_languages":["es","en","cn"],"languages":{"es":{"title":true,"content":true,"excerpt":false},"en":{"title":true,"content":true,"excerpt":false},"cn":{"title":true,"content":true,"excerpt":false}}},"_links":{"self":[{"href":"https:\/\/www.casaespiral.com\/cn\/wp-json\/wp\/v2\/pages\/1605","targetHints":{"allow":["GET"]}}],"collection":[{"href":"https:\/\/www.casaespiral.com\/cn\/wp-json\/wp\/v2\/pages"}],"about":[{"href":"https:\/\/www.casaespiral.com\/cn\/wp-json\/wp\/v2\/types\/page"}],"author":[{"embeddable":true,"href":"https:\/\/www.casaespiral.com\/cn\/wp-json\/wp\/v2\/users\/1"}],"replies":[{"embeddable":true,"href":"https:\/\/www.casaespiral.com\/cn\/wp-json\/wp\/v2\/comments?post=1605"}],"version-history":[{"count":86,"href":"https:\/\/www.casaespiral.com\/cn\/wp-json\/wp\/v2\/pages\/1605\/revisions"}],"predecessor-version":[{"id":10068,"href":"https:\/\/www.casaespiral.com\/cn\/wp-json\/wp\/v2\/pages\/1605\/revisions\/10068"}],"up":[{"embeddable":true,"href":"https:\/\/www.casaespiral.com\/cn\/wp-json\/wp\/v2\/pages\/62"}],"wp:attachment":[{"href":"https:\/\/www.casaespiral.com\/cn\/wp-json\/wp\/v2\/media?parent=1605"}],"curies":[{"name":"wp","href":"https:\/\/api.w.org\/{rel}","templated":true}]}}