{"id":9111,"date":"2022-01-12T16:45:38","date_gmt":"2022-01-12T15:45:38","guid":{"rendered":"https:\/\/www.casaespiral.com\/?page_id=9111"},"modified":"2026-01-30T13:01:47","modified_gmt":"2026-01-30T12:01:47","slug":"test","status":"publish","type":"page","link":"https:\/\/www.casaespiral.com\/cn\/","title":{"rendered":"Cursos de dibuix, pintura i joieria a Barcelona"},"content":{"rendered":"<p>Escola d\u2019art a Barcelona. Espai dedicat a l\u2019aprenentatge art\u00edstic. Oferim cursos de joieria i classes de dibuix i pintura per a adults i infants.<\/p>\n<p>\n  <a href=\"https:\/\/www.casaespiral.com\/cn\/clases\/dibujo-pintura-ninos\/\"><br \/>\n    <img decoding=\"async\" \n      src=\"https:\/\/www.casaespiral.com\/wp-content\/uploads\/1cat.jpg\"\n      alt=\"Classes de dibuix i pintura per a infants a Barcelona\"\n      srcset=\"https:\/\/www.casaespiral.com\/wp-content\/uploads\/1cat.jpg 2084w, https:\/\/www.casaespiral.com\/wp-content\/uploads\/1cat-1536x441.jpg 1536w, https:\/\/www.casaespiral.com\/wp-content\/uploads\/1cat-1000x288.jpg 1000w, https:\/\/www.casaespiral.com\/wp-content\/uploads\/1cat-800x230.jpg 800w, https:\/\/www.casaespiral.com\/wp-content\/uploads\/1cat-768x221.jpg 768w, https:\/\/www.casaespiral.com\/wp-content\/uploads\/1cat-500x144.jpg 500w, https:\/\/www.casaespiral.com\/wp-content\/uploads\/1cat-300x86.jpg 300w\"\n      sizes=\"(max-width: 2084px) 100vw, 2084px\"\n      style=\"max-width:100%; height:auto;\"\n      loading=\"lazy\"\n    \/><br \/>\n  <\/a>\n<\/p>\n<p>\n  <a href=\"https:\/\/www.casaespiral.com\/cn\/clases\/dibujo-pintura-adultos\/\"><br \/>\n    <img decoding=\"async\" \n      src=\"https:\/\/www.casaespiral.com\/wp-content\/uploads\/2cat.jpg\"\n      alt=\"Classes de dibuix i pintura per a adults a Barcelona\"\n      srcset=\"https:\/\/www.casaespiral.com\/wp-content\/uploads\/2cat.jpg 2084w, https:\/\/www.casaespiral.com\/wp-content\/uploads\/2cat-1536x441.jpg 1536w, https:\/\/www.casaespiral.com\/wp-content\/uploads\/2cat-1000x288.jpg 1000w, https:\/\/www.casaespiral.com\/wp-content\/uploads\/2cat-800x230.jpg 800w, https:\/\/www.casaespiral.com\/wp-content\/uploads\/2cat-768x221.jpg 768w, https:\/\/www.casaespiral.com\/wp-content\/uploads\/2cat-500x144.jpg 500w, https:\/\/www.casaespiral.com\/wp-content\/uploads\/2cat-300x86.jpg 300w\"\n      sizes=\"(max-width: 2084px) 100vw, 2084px\"\n      style=\"max-width:100%; height:auto;\"\n      loading=\"lazy\"\n    \/><br \/>\n  <\/a>\n<\/p>\n<p>\n  <a href=\"https:\/\/www.casaespiral.com\/cn\/clases\/joyeria\/\"><br \/>\n    <img decoding=\"async\" \n      src=\"https:\/\/www.casaespiral.com\/wp-content\/uploads\/3cat.jpg\"\n      alt=\"Classes de joieria a Barcelona\"\n      srcset=\"https:\/\/www.casaespiral.com\/wp-content\/uploads\/3cat.jpg 2084w, https:\/\/www.casaespiral.com\/wp-content\/uploads\/3cat-1536x441.jpg 1536w, https:\/\/www.casaespiral.com\/wp-content\/uploads\/3cat-1000x288.jpg 1000w, https:\/\/www.casaespiral.com\/wp-content\/uploads\/3cat-800x230.jpg 800w, https:\/\/www.casaespiral.com\/wp-content\/uploads\/3cat-768x221.jpg 768w, https:\/\/www.casaespiral.com\/wp-content\/uploads\/3cat-500x144.jpg 500w, https:\/\/www.casaespiral.com\/wp-content\/uploads\/3cat-300x86.jpg 300w\"\n      sizes=\"(max-width: 2084px) 100vw, 2084px\"\n      style=\"max-width:100%; height:auto;\"\n      loading=\"lazy\"\n    \/><br \/>\n  <\/a>\n<\/p>\n<h2 class=\"home-benefit-title\">No cal experi\u00e8ncia pr\u00e8via<\/h2>\n<p class=\"home-benefit-desc\">\n  T\u2019acompanyem pas a pas perqu\u00e8 aprenguis a dibuixar i pintar al teu ritme,<br \/>\n  amb t\u00e8cniques clares i feedback real.\n<\/p>\n<h2 class=\"home-reviews-title\">Opinions dels nostres alumnes<\/h2>\n<div class=\"wp-gr rpi\" data-id=\"10262\" data-layout=\"slider\" data-exec=\"false\" data-options='{&quot;text_size&quot;:&quot;&quot;,&quot;trans&quot;:{&quot;read more&quot;:&quot;read more&quot;}}'><svg xmlns=\"http:\/\/www.w3.org\/2000\/svg\" style=\"display:none!important\"><symbol id=\"grw-tripadvisor\" viewBox=\"0 0 713.496 713.496\"><g><circle fill=\"#34E0A1\" cx=\"356.749\" cy=\"356.748\" r=\"356.748\"\/><path d=\"M577.095,287.152l43.049-46.836h-95.465c-47.792-32.646-105.51-51.659-167.931-51.659   c-62.342,0-119.899,19.054-167.612,51.659H93.432l43.049,46.836c-26.387,24.075-42.929,58.754-42.929,97.259   c0,72.665,58.914,131.578,131.579,131.578c34.519,0,65.968-13.313,89.446-35.077l42.172,45.919l42.172-45.879   c23.478,21.764,54.887,35.037,89.406,35.037c72.665,0,131.658-58.913,131.658-131.578   C620.024,345.866,603.483,311.188,577.095,287.152z M225.17,473.458c-49.188,0-89.047-39.859-89.047-89.047   s39.86-89.048,89.047-89.048c49.187,0,89.047,39.86,89.047,89.048S274.357,473.458,225.17,473.458z M356.788,381.82   c0-58.595-42.61-108.898-98.853-130.383c30.413-12.716,63.776-19.771,98.813-19.771s68.439,7.055,98.853,19.771   C399.399,272.962,356.788,323.226,356.788,381.82z M488.367,473.458c-49.188,0-89.048-39.859-89.048-89.047   s39.86-89.048,89.048-89.048s89.047,39.86,89.047,89.048S537.554,473.458,488.367,473.458z M488.367,337.694   c-25.79,0-46.677,20.887-46.677,46.677c0,25.789,20.887,46.676,46.677,46.676c25.789,0,46.676-20.887,46.676-46.676   C535.042,358.621,514.156,337.694,488.367,337.694z M271.846,384.411c0,25.789-20.887,46.676-46.676,46.676   s-46.676-20.887-46.676-46.676c0-25.79,20.887-46.677,46.676-46.677C250.959,337.694,271.846,358.621,271.846,384.411z\"\/><\/g><\/symbol><symbol id=\"grw-google\" viewBox=\"0 0 512 512\"><g fill=\"none\" fill-rule=\"evenodd\"><path d=\"M482.56 261.36c0-16.73-1.5-32.83-4.29-48.27H256v91.29h127.01c-5.47 29.5-22.1 54.49-47.09 71.23v59.21h76.27c44.63-41.09 70.37-101.59 70.37-173.46z\" fill=\"#4285f4\"\/><path d=\"M256 492c63.72 0 117.14-21.13 156.19-57.18l-76.27-59.21c-21.13 14.16-48.17 22.53-79.92 22.53-61.47 0-113.49-41.51-132.05-97.3H45.1v61.15c38.83 77.13 118.64 130.01 210.9 130.01z\" fill=\"#34a853\"\/><path d=\"M123.95 300.84c-4.72-14.16-7.4-29.29-7.4-44.84s2.68-30.68 7.4-44.84V150.01H45.1C29.12 181.87 20 217.92 20 256c0 38.08 9.12 74.13 25.1 105.99l78.85-61.15z\" fill=\"#fbbc05\"\/><path d=\"M256 113.86c34.65 0 65.76 11.91 90.22 35.29l67.69-67.69C373.03 43.39 319.61 20 256 20c-92.25 0-172.07 52.89-210.9 130.01l78.85 61.15c18.56-55.78 70.59-97.3 132.05-97.3z\" fill=\"#ea4335\"\/><path d=\"M20 20h472v472H20V20z\"\/><\/g><\/symbol><\/svg><div class=\"grw-row grw-row-m\" data-options='{\"speed\":3,\"autoplay\":true,\"mousestop\":true,\"breakpoints\":\"\"}'><div class=\"rpi-slides-root grw-content\"><div class=\"grw-content-inner\"><div class=\"rpi-slides grw-reviews\" data-count=\"8\" data-offset=\"8\"><div class=\"rpi-slide grw-review\"><div class=\"rpi-flx rpi-col12 grw-review-inner grw-backgnd grw-round\"><div class=\"rpi-flx rpi-row12-center\"><div class=\"grw-img-wrap\"><img decoding=\"async\" class=\"grw-img\" src=\"https:\/\/www.casaespiral.com\/wp-content\/uploads\/ChIJOQN2Y7yipBIRPMejJk3Wkws_be7321d993a786e2eff445531f0ee886.jpg\" loading=\"lazy\" alt=\"\" width=\"50\" height=\"50\" onerror=\"if(this.src!='https:\/\/www.casaespiral.com\/wp-content\/plugins\/widget-google-reviews\/assets\/img\/guest.png')this.src='https:\/\/www.casaespiral.com\/wp-content\/plugins\/widget-google-reviews\/assets\/img\/guest.png';\" ><\/div><div class=\"rpi-flx rpi-col6\"><a href=\"https:\/\/www.google.com\/maps\/contrib\/112995291669728044026\/reviews\" class=\"wp-google-name\" target=\"_blank\" rel=\"noopener\" aria-label=\"ML Flamer user profile - opens in a new window\">ML Flamer<\/a><div class=\"wp-google-time\" data-time=\"1760565575\">21:59 15 Oct 25<\/div><\/div><\/div><span class=\"rpi-stars\" style=\"--rating:5\"><\/span><div class=\"rpi-flx rpi-col4\"><div class=\"wp-google-feedback grw-scroll\" ><span class=\"wp-google-text\">\u00a1Hermoso estudio! Encontr\u00e9 una hermosa acuarela para a\u00f1adir a mi colecci\u00f3n de gallinas :)<\/span><\/div><\/div><svg height=\"16\" width=\"16\" role=\"none\"><use href=\"#grw-google\"\/><\/svg><\/div><\/div><div class=\"rpi-slide grw-review\"><div class=\"rpi-flx rpi-col12 grw-review-inner grw-backgnd grw-round\"><div class=\"rpi-flx rpi-row12-center\"><div class=\"grw-img-wrap\"><img decoding=\"async\" class=\"grw-img\" src=\"https:\/\/www.casaespiral.com\/wp-content\/uploads\/ChIJOQN2Y7yipBIRPMejJk3Wkws_983e89ee0b0524ce4c115749fc2c5e32.jpg\" loading=\"lazy\" alt=\"\" width=\"50\" height=\"50\" onerror=\"if(this.src!='https:\/\/www.casaespiral.com\/wp-content\/plugins\/widget-google-reviews\/assets\/img\/guest.png')this.src='https:\/\/www.casaespiral.com\/wp-content\/plugins\/widget-google-reviews\/assets\/img\/guest.png';\" ><\/div><div class=\"rpi-flx rpi-col6\"><a href=\"https:\/\/www.google.com\/maps\/contrib\/107754766225757002033\/reviews\" class=\"wp-google-name\" target=\"_blank\" rel=\"noopener\" aria-label=\"Juan Pedro Benitez Clemente user profile - opens in a new window\">Juan Pedro Benitez Clemente<\/a><div class=\"wp-google-time\" data-time=\"1757092150\">17:09 05 Sep 25<\/div><\/div><\/div><span class=\"rpi-stars\" style=\"--rating:5\"><\/span><div class=\"rpi-flx rpi-col4\"><div class=\"wp-google-feedback grw-scroll\" ><span class=\"wp-google-text\">Las profes son lo m\u00e1ximo. La onda del taller, sanadora. Te gu\u00edan a explorarte por distintas t\u00e9cnicas y buscar la mejor forma de expresarte. Lo s\u00faper recomiendo.<\/span><\/div><\/div><svg height=\"16\" width=\"16\" role=\"none\"><use href=\"#grw-google\"\/><\/svg><\/div><\/div><div class=\"rpi-slide grw-review\"><div class=\"rpi-flx rpi-col12 grw-review-inner grw-backgnd grw-round\"><div class=\"rpi-flx rpi-row12-center\"><div class=\"grw-img-wrap\"><img decoding=\"async\" class=\"grw-img\" src=\"https:\/\/www.casaespiral.com\/wp-content\/uploads\/ChIJOQN2Y7yipBIRPMejJk3Wkws_8433b320b65f6998904311666a236b89.jpg\" loading=\"lazy\" alt=\"\" width=\"50\" height=\"50\" onerror=\"if(this.src!='https:\/\/www.casaespiral.com\/wp-content\/plugins\/widget-google-reviews\/assets\/img\/guest.png')this.src='https:\/\/www.casaespiral.com\/wp-content\/plugins\/widget-google-reviews\/assets\/img\/guest.png';\" ><\/div><div class=\"rpi-flx rpi-col6\"><a href=\"https:\/\/www.google.com\/maps\/contrib\/106485243184835928733\/reviews\" class=\"wp-google-name\" target=\"_blank\" rel=\"noopener\" aria-label=\"Oscar Fm user profile - opens in a new window\">Oscar Fm<\/a><div class=\"wp-google-time\" data-time=\"1754045150\">10:45 01 Aug 25<\/div><\/div><\/div><span class=\"rpi-stars\" style=\"--rating:5\"><\/span><div class=\"rpi-flx rpi-col4\"><div class=\"wp-google-feedback grw-scroll\" ><span class=\"wp-google-text\">Lugar magn\u00edfico donde aprender a dibujar y pintar. Mi hija est\u00e1 supercontenta y r\u00e1pidamente hemos visto el aprendizaje. \u00a1Nora es una gran maestra! 100% recomendable<\/span><\/div><\/div><svg height=\"16\" width=\"16\" role=\"none\"><use href=\"#grw-google\"\/><\/svg><\/div><\/div><div class=\"rpi-slide grw-review\"><div class=\"rpi-flx rpi-col12 grw-review-inner grw-backgnd grw-round\"><div class=\"rpi-flx rpi-row12-center\"><div class=\"grw-img-wrap\"><img decoding=\"async\" class=\"grw-img\" src=\"https:\/\/www.casaespiral.com\/wp-content\/uploads\/ChIJOQN2Y7yipBIRPMejJk3Wkws_ffec80d7e27a8b0f23223788185301bc.jpg\" loading=\"lazy\" alt=\"\" width=\"50\" height=\"50\" onerror=\"if(this.src!='https:\/\/www.casaespiral.com\/wp-content\/plugins\/widget-google-reviews\/assets\/img\/guest.png')this.src='https:\/\/www.casaespiral.com\/wp-content\/plugins\/widget-google-reviews\/assets\/img\/guest.png';\" ><\/div><div class=\"rpi-flx rpi-col6\"><a href=\"https:\/\/www.google.com\/maps\/contrib\/115882177287652786123\/reviews\" class=\"wp-google-name\" target=\"_blank\" rel=\"noopener\" aria-label=\"M\u00f3nica Atrib user profile - opens in a new window\">M\u00f3nica Atrib<\/a><div class=\"wp-google-time\" data-time=\"1749149202\">18:46 05 Jun 25<\/div><\/div><\/div><span class=\"rpi-stars\" style=\"--rating:5\"><\/span><div class=\"rpi-flx rpi-col4\"><div class=\"wp-google-feedback grw-scroll\" ><span class=\"wp-google-text\">Hermoso espacio. Nora y Angeles son unos soles que dedican con mucho amor, paciencia y profesionalismo su ense\u00f1anza y proceso en cada uno. Logran que uno se sienta como en familia. Muchas gracias por tanto.<\/span><\/div><\/div><svg height=\"16\" width=\"16\" role=\"none\"><use href=\"#grw-google\"\/><\/svg><\/div><\/div><div class=\"rpi-slide grw-review\"><div class=\"rpi-flx rpi-col12 grw-review-inner grw-backgnd grw-round\"><div class=\"rpi-flx rpi-row12-center\"><div class=\"grw-img-wrap\"><img decoding=\"async\" class=\"grw-img\" src=\"https:\/\/www.casaespiral.com\/wp-content\/uploads\/ChIJOQN2Y7yipBIRPMejJk3Wkws_5b7c7a1ce935146a6860742ffbb1fad5.jpg\" loading=\"lazy\" alt=\"\" width=\"50\" height=\"50\" onerror=\"if(this.src!='https:\/\/www.casaespiral.com\/wp-content\/plugins\/widget-google-reviews\/assets\/img\/guest.png')this.src='https:\/\/www.casaespiral.com\/wp-content\/plugins\/widget-google-reviews\/assets\/img\/guest.png';\" ><\/div><div class=\"rpi-flx rpi-col6\"><a href=\"https:\/\/www.google.com\/maps\/contrib\/107446299899776532181\/reviews\" class=\"wp-google-name\" target=\"_blank\" rel=\"noopener\" aria-label=\"Wendy Alvarenga user profile - opens in a new window\">Wendy Alvarenga<\/a><div class=\"wp-google-time\" data-time=\"1748940779\">08:52 03 Jun 25<\/div><\/div><\/div><span class=\"rpi-stars\" style=\"--rating:5\"><\/span><div class=\"rpi-flx rpi-col4\"><div class=\"wp-google-feedback grw-scroll\" ><span class=\"wp-google-text\">he visitado este taller y considero es una de las mejores escuelas de pintura que me ha tocado el alma.<br \/>Desde que entr\u00e9, sent\u00ed una energ\u00eda profundamente humana. Las obras expuestas parec\u00edan hablar, contar historias y despertar emociones dormidas. Pero lo que m\u00e1s me impact\u00f3 fue ver a personas de todas las edades aprendiendo, experimentando, creando sin miedo al error.<br \/><br \/>Sal\u00ed con algo m\u00e1s que admiraci\u00f3n: me llev\u00e9 un deseo  de aprender a dibujar. De dar forma a mis ideas&#x2764;&#xfe0f;<\/span><\/div><\/div><svg height=\"16\" width=\"16\" role=\"none\"><use href=\"#grw-google\"\/><\/svg><\/div><\/div><div class=\"rpi-slide grw-review\"><div class=\"rpi-flx rpi-col12 grw-review-inner grw-backgnd grw-round\"><div class=\"rpi-flx rpi-row12-center\"><div class=\"grw-img-wrap\"><img decoding=\"async\" class=\"grw-img\" src=\"https:\/\/www.casaespiral.com\/wp-content\/uploads\/ChIJOQN2Y7yipBIRPMejJk3Wkws_efad41da45a1a1101a2954bb0acc2255.jpg\" loading=\"lazy\" alt=\"\" width=\"50\" height=\"50\" onerror=\"if(this.src!='https:\/\/www.casaespiral.com\/wp-content\/plugins\/widget-google-reviews\/assets\/img\/guest.png')this.src='https:\/\/www.casaespiral.com\/wp-content\/plugins\/widget-google-reviews\/assets\/img\/guest.png';\" ><\/div><div class=\"rpi-flx rpi-col6\"><a href=\"https:\/\/www.google.com\/maps\/contrib\/116547075800800579668\/reviews\" class=\"wp-google-name\" target=\"_blank\" rel=\"noopener\" aria-label=\"Karen Mendoza user profile - opens in a new window\">Karen Mendoza<\/a><div class=\"wp-google-time\" data-time=\"1700828992\">12:29 24 Nov 23<\/div><\/div><\/div><span class=\"rpi-stars\" style=\"--rating:5\"><\/span><div class=\"rpi-flx rpi-col4\"><div class=\"wp-google-feedback grw-scroll\" ><span class=\"wp-google-text\">La casa de la espiral es un lugar m\u00e1gico.<br \/><br \/>Nora, es la mejor profesora que he tenido.<br \/>Gracias a sus clases he mejorado mucho en pintura y me siento con m\u00e1s seguridad y confianza a la hora de pintar.<br \/>Nora, te transmite sus conocimientos con amor, empat\u00eda y respeto a tu propio ritmo.<br \/>Sus clases, son terap\u00e9uticas.<\/span><\/div><\/div><svg height=\"16\" width=\"16\" role=\"none\"><use href=\"#grw-google\"\/><\/svg><\/div><\/div><div class=\"rpi-slide grw-review\"><div class=\"rpi-flx rpi-col12 grw-review-inner grw-backgnd grw-round\"><div class=\"rpi-flx rpi-row12-center\"><div class=\"grw-img-wrap\"><img decoding=\"async\" class=\"grw-img\" src=\"https:\/\/www.casaespiral.com\/wp-content\/uploads\/ChIJOQN2Y7yipBIRPMejJk3Wkws_ca47d22a871a8fa7f5c2f4382d1fb862.jpg\" loading=\"lazy\" alt=\"\" width=\"50\" height=\"50\" onerror=\"if(this.src!='https:\/\/www.casaespiral.com\/wp-content\/plugins\/widget-google-reviews\/assets\/img\/guest.png')this.src='https:\/\/www.casaespiral.com\/wp-content\/plugins\/widget-google-reviews\/assets\/img\/guest.png';\" ><\/div><div class=\"rpi-flx rpi-col6\"><a href=\"https:\/\/www.google.com\/maps\/contrib\/117442673937868036892\/reviews\" class=\"wp-google-name\" target=\"_blank\" rel=\"noopener\" aria-label=\"N\u00faria Arrebola Sierra user profile - opens in a new window\">N\u00faria Arrebola Sierra<\/a><div class=\"wp-google-time\" data-time=\"1699571288\">23:08 09 Nov 23<\/div><\/div><\/div><span class=\"rpi-stars\" style=\"--rating:5\"><\/span><div class=\"rpi-flx rpi-col4\"><div class=\"wp-google-feedback grw-scroll\" ><span class=\"wp-google-text\">Nora es de las mejores profesoras que he tenido; conoce a cada alumno y le ofrece el aprendizaje en funci\u00f3n de c\u00f3mo es. Adem\u00e1s, puedes aprender cualquier t\u00e9cnica y da mucho apoyo de forma constante.<br \/><br \/>Adem\u00e1s es una gran artista, y como persona es un amor, con una mente inquieta, positiva y amable &#x2764;&#xfe0f;<\/span><\/div><\/div><svg height=\"16\" width=\"16\" role=\"none\"><use href=\"#grw-google\"\/><\/svg><\/div><\/div><div class=\"rpi-slide grw-review\"><div class=\"rpi-flx rpi-col12 grw-review-inner grw-backgnd grw-round\"><div class=\"rpi-flx rpi-row12-center\"><div class=\"grw-img-wrap\"><img decoding=\"async\" class=\"grw-img\" src=\"https:\/\/www.casaespiral.com\/wp-content\/uploads\/ChIJOQN2Y7yipBIRPMejJk3Wkws_510d020a8d4bea3650e0b9c8a6f8366f.jpg\" loading=\"lazy\" alt=\"\" width=\"50\" height=\"50\" onerror=\"if(this.src!='https:\/\/www.casaespiral.com\/wp-content\/plugins\/widget-google-reviews\/assets\/img\/guest.png')this.src='https:\/\/www.casaespiral.com\/wp-content\/plugins\/widget-google-reviews\/assets\/img\/guest.png';\" ><\/div><div class=\"rpi-flx rpi-col6\"><a href=\"https:\/\/www.google.com\/maps\/contrib\/115770895338155231314\/reviews\" class=\"wp-google-name\" target=\"_blank\" rel=\"noopener\" aria-label=\"Juan Sanchez user profile - opens in a new window\">Juan Sanchez<\/a><div class=\"wp-google-time\" data-time=\"1681820963\">12:29 18 Apr 23<\/div><\/div><\/div><span class=\"rpi-stars\" style=\"--rating:5\"><\/span><div class=\"rpi-flx rpi-col4\"><div class=\"wp-google-feedback grw-scroll\" ><span class=\"wp-google-text\">Llevo dos cursos con Nora y me encantan sus clases. Atiende a casa alumno de forma individual, en base a las t\u00e9cnicas de pintura que a cada alumno le interesa. Hay muy buen ambiente con los compa\u00f1eros y a m\u00ed me va genial para desconectar y disfrutar despu\u00e9s del trabajo<br \/><br \/>Nora es un encanto, tiene mucha paciencia y da un refuerzo muy positivo. Adem\u00e1s en la escuela ya te dan el material (pinturas y pinceles), de forma que puedes probar diferentes t\u00e9cnicas hasta encontrar con la que te sientes m\u00e1s a gusto.<br \/><br \/>Recomendado al 100%<\/span><\/div><\/div><svg height=\"16\" width=\"16\" role=\"none\"><use href=\"#grw-google\"\/><\/svg><\/div><\/div><\/div><\/div><\/div><\/div><script>(function(p){if(!p)return;let w=p.offsetWidth,m=function(a,b){return Math.min(a,b)===a};p.querySelector('.grw-row').classList.replace('grw-row-m','grw-row-'+(m(w,510)?'xs':m(w,750)?'x':m(w,1100)?'s':m(w,1450)?'m':m(w,1800)?'l':'xl'))})(document.currentScript?.parentElement)<\/script><\/div>\n","protected":false},"excerpt":{"rendered":"<p>Escola d\u2019art a Barcelona. Espai dedicat a l\u2019aprenentatge art\u00edstic. Oferim cursos de joieria i classes de dibuix i pintura per a adults i infants. No cal experi\u00e8ncia pr\u00e8via T\u2019acompanyem pas a pas perqu\u00e8 aprenguis a dibuixar i pintar al teu &hellip; <a href=\"https:\/\/www.casaespiral.com\/cn\/\">Continue reading <span class=\"meta-nav\">&rarr;<\/span><\/a><\/p>\n","protected":false},"author":3595,"featured_media":0,"parent":0,"menu_order":0,"comment_status":"closed","ping_status":"closed","template":"","meta":{"footnotes":""},"class_list":["post-9111","page","type-page","status-publish","hentry"],"translation":{"provider":"WPGlobus","version":"3.0.2","language":"cn","enabled_languages":["es","en","cn"],"languages":{"es":{"title":true,"content":true,"excerpt":false},"en":{"title":true,"content":true,"excerpt":false},"cn":{"title":true,"content":true,"excerpt":false}}},"_links":{"self":[{"href":"https:\/\/www.casaespiral.com\/cn\/wp-json\/wp\/v2\/pages\/9111","targetHints":{"allow":["GET"]}}],"collection":[{"href":"https:\/\/www.casaespiral.com\/cn\/wp-json\/wp\/v2\/pages"}],"about":[{"href":"https:\/\/www.casaespiral.com\/cn\/wp-json\/wp\/v2\/types\/page"}],"author":[{"embeddable":true,"href":"https:\/\/www.casaespiral.com\/cn\/wp-json\/wp\/v2\/users\/3595"}],"replies":[{"embeddable":true,"href":"https:\/\/www.casaespiral.com\/cn\/wp-json\/wp\/v2\/comments?post=9111"}],"version-history":[{"count":202,"href":"https:\/\/www.casaespiral.com\/cn\/wp-json\/wp\/v2\/pages\/9111\/revisions"}],"predecessor-version":[{"id":10241,"href":"https:\/\/www.casaespiral.com\/cn\/wp-json\/wp\/v2\/pages\/9111\/revisions\/10241"}],"wp:attachment":[{"href":"https:\/\/www.casaespiral.com\/cn\/wp-json\/wp\/v2\/media?parent=9111"}],"curies":[{"name":"wp","href":"https:\/\/api.w.org\/{rel}","templated":true}]}}