{"id":9979,"date":"2025-08-13T12:51:58","date_gmt":"2025-08-13T10:51:58","guid":{"rendered":"https:\/\/www.casaespiral.com\/?page_id=9979"},"modified":"2026-02-09T18:21:26","modified_gmt":"2026-02-09T17:21:26","slug":"politica-de-privacidad-y-cookies","status":"publish","type":"page","link":"https:\/\/www.casaespiral.com\/cn\/politica-de-privacidad-y-cookies\/","title":{"rendered":"Pol\u00edtica de privacitat i galetes"},"content":{"rendered":"<p>La privacitat \u00e9s una prioritat a <a href=\"https:\/\/www.casaespiral.com\/\">Casaespiral.com<\/a><\/p>\n<p>Com a responsables d\u2019aquest lloc web, volem oferir-te les m\u00e0ximes garanties legals en relaci\u00f3 amb la teva privacitat i explicar-te amb la m\u00e0xima claredat i transpar\u00e8ncia tot all\u00f2 relacionat amb el tractament de la informaci\u00f3 personal dins d\u2019aquest web.<\/p>\n<p>La present <strong>Pol\u00edtica de privacitat<\/strong> ser\u00e0 v\u00e0lida \u00fanicament per a les dades de car\u00e0cter personal obtingudes al Lloc Web, i no ser\u00e0 aplicable a aquella informaci\u00f3 recollida per tercers en altres p\u00e0gines web, encara que aquestes estiguin enlla\u00e7ades des del Lloc Web.<\/p>\n<p>Aquesta pol\u00edtica ha estat actualitzada el 28 de maig de 2018.<\/p>\n<p><a href=\"https:\/\/www.casaespiral.com\/\">Casaespiral.com<\/a> ha adaptat aquest lloc web a les exig\u00e8ncies de la Llei org\u00e0nica 15\/1999, de 13 de desembre, de protecci\u00f3 de dades de car\u00e0cter personal (LOPD), i del Reial decret 1720\/2007, de 21 de desembre, conegut com el Reglament de desenvolupament de la LOPD. Tamb\u00e9 compleix amb el Reglament (UE) 2016\/679 del Parlament Europeu i del Consell, de 27 d\u2019abril de 2016, relatiu a la protecci\u00f3 de les persones f\u00edsiques (RGPD), aix\u00ed com amb la Llei 34\/2002, d\u201911 de juliol, de serveis de la societat de la informaci\u00f3 i de comer\u00e7 electr\u00f2nic (LSSICE o LSSI).<\/p>\n<h2><img loading=\"lazy\" decoding=\"async\" class=\"aligncenter size-full wp-image-2627\" src=\"https:\/\/www.casaespiral.com\/wp-content\/uploads\/Politica-de-Privacidad.avif\" alt=\"Pol\u00edtica de privacitat\" width=\"1200\" height=\"533\" \/>Les dades identificatives de Casaespiral.com s\u00f3n les seg\u00fcents:<\/h2>\n<p>\nASSOCIACIO CULTURAL LA CASA DE LA ESPIRAL<br \/>\nRa\u00f3 social: Carrer d\u2019Aul\u00e8stia i Pijoan, 23, 08012 Barcelona, Espanya<br \/>\nCIF\/NIF: G-64654247<br \/>\nTel\u00e8fon de contacte: <a href=\"tel:+34653085667\">653 08 56 67<\/a> i <a href=\"tel:+34933688699\">+34 933 68 86 99<\/a><br \/>\nCorreu electr\u00f2nic: <a href=\"mailto:lacasaespiral@gmail.com\">lacasaespiral@gmail.com<\/a>\n<\/p>\n<h2>FINALITAT DEL TRACTAMENT DE LES TEVES DADES PERSONALS<\/h2>\n<p>A <a href=\"https:\/\/www.casaespiral.com\/\">Casaespiral.com<\/a> es tracta la informaci\u00f3 facilitada per les persones interessades amb la finalitat d\u2019identificar i atendre la sol\u00b7licitud realitzada pel titular de les dades, d\u2019ara endavant <strong>la persona interessada<\/strong>. Les vies de recollida de dades s\u00f3n: formularis web o registre al sistema.<\/p>\n<p><strong>Les dades recollides s\u2019utilitzaran per a:<\/strong><\/p>\n<ol>\n<li>Respondre a les sol\u00b7licituds dels usuaris de <strong><a href=\"https:\/\/www.casaespiral.com\/\">Casaespiral.com<\/a><\/strong>.<\/li>\n<li>Gestionar les subscripcions a la llista de correu i enviar peri\u00f2dicament butlletins amb ofertes, promocions i novetats.<\/li>\n<li>Crear dades a la nostra fitxa de clients per generar les comandes, albarans i factures corresponents.<\/li>\n<li>Garantir el compliment de les condicions d\u2019\u00fas i de la legislaci\u00f3 aplicable. Aix\u00f2 pot incloure el desenvolupament d\u2019eines i algoritmes que ajudin aquest web a garantir la confidencialitat de les dades personals que recull.<\/li>\n<\/ol>\n<p>No \u00e9s necessari facilitar cap dada de car\u00e0cter personal per navegar per aquest web.<\/p>\n<h2>TERMINI DE CONSERVACI\u00d3 DE LES TEVES DADES<\/h2>\n<p>Les dades es conservaran durant el temps que duri la relaci\u00f3 comercial i durant el per\u00edode necessari per complir amb les obligacions legals, i estaran subjectes a la baixa volunt\u00e0ria de l\u2019usuari.<\/p>\n<p><strong>DRETS DE L\u2019USUARI EN FACILITAR LES SEVES DADES<\/strong><\/p>\n<p>Qualsevol persona t\u00e9 dret a obtenir confirmaci\u00f3 sobre si a <a href=\"https:\/\/www.casaespiral.com\/\">Casaespiral.com<\/a> s\u2019estan tractant dades personals que la concerneixin o no.<\/p>\n<p>Les persones interessades tenen dret a accedir a les seves dades personals, aix\u00ed com a sol\u00b7licitar la rectificaci\u00f3 de les dades inexactes o, si escau, sol\u00b7licitar-ne la supressi\u00f3 quan, entre altres motius, les dades ja no siguin necess\u00e0ries per a les finalitats per a les quals van ser recollides.<\/p>\n<p>En determinades circumst\u00e0ncies, les persones interessades poden sol\u00b7licitar la limitaci\u00f3 del tractament de les seves dades, cas en qu\u00e8 \u00fanicament les conservarem per a l\u2019exercici o la defensa de reclamacions.<\/p>\n<p>En determinades circumst\u00e0ncies i per motius relacionats amb la seva situaci\u00f3 particular, les persones interessades poden oposar-se al tractament de les seves dades.<\/p>\n<p><a href=\"https:\/\/www.casaespiral.com\/\">Casaespiral.com<\/a> deixar\u00e0 de tractar les dades, excepte per motius leg\u00edtims imperiosos o per a l\u2019exercici o la defensa de possibles reclamacions.<\/p>\n<p>Pots exercir els teus drets per correu electr\u00f2nic a: <a href=\"mailto:lacasaespiral@gmail.com\">lacasaespiral@gmail.com<\/a><\/p>\n<h2>EXACTITUD I VERACITAT DE LES DADES<\/h2>\n<p>L\u2019Usuari garanteix que les dades personals facilitades a trav\u00e9s dels diferents formularis s\u00f3n veraces i es compromet a comunicar qualsevol modificaci\u00f3 de les mateixes. Igualment, l\u2019Usuari garanteix que tota la informaci\u00f3 facilitada correspon a la seva situaci\u00f3 real, est\u00e0 actualitzada i \u00e9s exacta. A m\u00e9s, l\u2019Usuari es compromet a mantenir les seves dades actualitzades en tot moment, sent l\u2019\u00fanic responsable de la inexactitud o falsedat de les dades facilitades i dels perjudicis que aix\u00f2 pugui ocasionar a <a href=\"mailto:lacasaespiral@gmail.com\">lacasaespiral@gmail.com<\/a>.<\/p>\n<h2>COM S\u2019OBTENEN LES DADES EN AQUEST WEB<\/h2>\n<p>Les dades personals que es tracten a <a href=\"https:\/\/www.casaespiral.com\/\">Casaespiral.com<\/a> provenen de:<\/p>\n<ol>\n<li>Formulari web.<\/li>\n<li><strong>Cookies<\/strong>: Quan l\u2019usuari es registra o navega per aquest web, s\u2019emmagatzemen \u201ccookies\u201d. A continuaci\u00f3 es detalla m\u00e9s informaci\u00f3 sobre les cookies.<\/li>\n<\/ol>\n<h2 class=\"c\">Cookies:<\/h2>\n<div class=\"cky-audit-table-element\"><\/div>\n<p><a href=\"https:\/\/www.casaespiral.com\/\">Casaespiral.com<\/a> es reserva el dret de modificar la present pol\u00edtica per adaptar-la a novetats legislatives o jurisprudencials, aix\u00ed com a pr\u00e0ctiques del sector. En aquests sup\u00f2sits, <a href=\"https:\/\/www.casaespiral.com\/\">Casaespiral.com<\/a> anunciar\u00e0 en aquesta p\u00e0gina els canvis introdu\u00efts amb una antelaci\u00f3 raonable a la seva posada en pr\u00e0ctica.<\/p>\n<h2>CORREUS COMERCIALS<\/h2>\n<p>D\u2019acord amb la LSSICE, <a href=\"https:\/\/www.casaespiral.com\/\">Casaespiral.com<\/a> no realitza pr\u00e0ctiques de SPAM i, per tant, no envia correus massius a clients que no hagin estat pr\u00e8viament sol\u00b7licitats o autoritzats per l\u2019usuari. Els nostres enviaments s\u00f3n \u00fanicament de promocions, ofertes i novetats dels productes que oferim.<\/p>\n","protected":false},"excerpt":{"rendered":"<p>La privacitat \u00e9s una prioritat a Casaespiral.com Com a responsables d\u2019aquest lloc web, volem oferir-te les m\u00e0ximes garanties legals en relaci\u00f3 amb la teva privacitat i explicar-te amb la m\u00e0xima claredat i transpar\u00e8ncia tot all\u00f2 relacionat amb el tractament de &hellip; <a href=\"https:\/\/www.casaespiral.com\/cn\/politica-de-privacidad-y-cookies\/\">Continue reading <span class=\"meta-nav\">&rarr;<\/span><\/a><\/p>\n","protected":false},"author":3597,"featured_media":0,"parent":0,"menu_order":0,"comment_status":"closed","ping_status":"closed","template":"","meta":{"footnotes":""},"class_list":["post-9979","page","type-page","status-publish","hentry"],"translation":{"provider":"WPGlobus","version":"3.0.2","language":"cn","enabled_languages":["es","en","cn"],"languages":{"es":{"title":true,"content":true,"excerpt":false},"en":{"title":true,"content":true,"excerpt":false},"cn":{"title":true,"content":true,"excerpt":false}}},"_links":{"self":[{"href":"https:\/\/www.casaespiral.com\/cn\/wp-json\/wp\/v2\/pages\/9979","targetHints":{"allow":["GET"]}}],"collection":[{"href":"https:\/\/www.casaespiral.com\/cn\/wp-json\/wp\/v2\/pages"}],"about":[{"href":"https:\/\/www.casaespiral.com\/cn\/wp-json\/wp\/v2\/types\/page"}],"author":[{"embeddable":true,"href":"https:\/\/www.casaespiral.com\/cn\/wp-json\/wp\/v2\/users\/3597"}],"replies":[{"embeddable":true,"href":"https:\/\/www.casaespiral.com\/cn\/wp-json\/wp\/v2\/comments?post=9979"}],"version-history":[{"count":12,"href":"https:\/\/www.casaespiral.com\/cn\/wp-json\/wp\/v2\/pages\/9979\/revisions"}],"predecessor-version":[{"id":10287,"href":"https:\/\/www.casaespiral.com\/cn\/wp-json\/wp\/v2\/pages\/9979\/revisions\/10287"}],"wp:attachment":[{"href":"https:\/\/www.casaespiral.com\/cn\/wp-json\/wp\/v2\/media?parent=9979"}],"curies":[{"name":"wp","href":"https:\/\/api.w.org\/{rel}","templated":true}]}}